{"id":12,"date":"2016-10-13T20:53:40","date_gmt":"2016-10-13T18:53:40","guid":{"rendered":"https:\/\/done.fotocolectania.org\/edicion5\/?page_id=12"},"modified":"2021-09-08T22:37:52","modified_gmt":"2021-09-08T20:37:52","slug":"creacion","status":"publish","type":"page","link":"https:\/\/done.fotocolectania.org\/edicion5\/creacion\/","title":{"rendered":"Creaci\u00f3n"},"content":{"rendered":"<p>En el marco de DONE 5, se han realizado dos <em>commissions<\/em>.<\/p>\n<p><strong>The Uncanny Fire<\/strong><br \/>\nM\u00f3nica Riki\u0107<br \/>\n<a href=\"http:\/\/uncannyfire.monicarikic.com\/\" target=\"_blank\" rel=\"noopener\"><strong>http:\/\/uncannyfire.monicarikic.com\/<\/strong><\/a><\/p>\n<div class=\"wpe-col wpe-col-13-23\">\n<div class=\"wpe-col-1\">\n<p><a href=\"\/edicion5\/creacion\/the-uncanny-fire_es\/\"><img loading=\"lazy\" class=\"alignnone size-medium wp-image-1359\" src=\"https:\/\/done.fotocolectania.org\/edicion5\/wp-content\/uploads\/2021\/06\/cartela-500x388.png\" alt=\"\" width=\"500\" height=\"388\" srcset=\"https:\/\/done.fotocolectania.org\/edicion5\/wp-content\/uploads\/2021\/06\/cartela-500x388.png 500w, https:\/\/done.fotocolectania.org\/edicion5\/wp-content\/uploads\/2021\/06\/cartela-400x310.png 400w, https:\/\/done.fotocolectania.org\/edicion5\/wp-content\/uploads\/2021\/06\/cartela-768x596.png 768w, https:\/\/done.fotocolectania.org\/edicion5\/wp-content\/uploads\/2021\/06\/cartela.png 948w\" sizes=\"(max-width: 500px) 100vw, 500px\" \/><\/a><\/p>\n<\/div>\n<div class=\"wpe-col-2\">\n<p><span class=\"ILfuVd\"><span class=\"hgKElc\">\u00ab<\/span><\/span>The Uncanny Fire<span class=\"ILfuVd\"><span class=\"hgKElc\">\u00bb<\/span><\/span> propone una narrativa interactiva de ficci\u00f3n futurista sobre la posibilidad de que un ente artificial inteligente sufra una crisis existencial. \u00bfCu\u00e1les ser\u00edan las consecuencias cognitivas o emocionales en una mente artificial al enfrentarse a su incapacidad de morir? \u00bfQu\u00e9 sentir\u00eda al situarse ante un humano e identificarlo como un <em>doppelg\u00e4nger<\/em>? <a href=\"\/edicion5\/creacion\/the-uncanny-fire_es\/\"><strong>[M\u00e1s informaci\u00f3n]<\/strong><\/a><\/p>\n<\/div>\n<\/div>\n<p>&nbsp;<\/p>\n<p><strong>In the mouth of a polar bear: The undead feeling of the world<\/strong><br \/>\nHelen V. Pritchard + Cassandra Troyan<br \/>\n<a href=\"http:\/\/theantimenagerie.net\/2021_In_the_mouth_of_a_polar_bear\/\" target=\"_blank\" rel=\"noopener\"><strong>http:\/\/theantimenagerie.net\/2021_In_the_mouth_of_a_polar_bear\/<\/strong><\/a><\/p>\n<div class=\"wpe-col wpe-col-13-23\">\n<div class=\"wpe-col-1\">\n<p><img loading=\"lazy\" class=\"alignnone wp-image-1447 size-medium\" src=\"https:\/\/done.fotocolectania.org\/edicion5\/wp-content\/uploads\/2021\/09\/Combat-Companion-Sim-Render-by-Helen-V.-Pritchard-and-Cassandra-Troyan-500x193.jpg\" alt=\"\" width=\"500\" height=\"193\" srcset=\"https:\/\/done.fotocolectania.org\/edicion5\/wp-content\/uploads\/2021\/09\/Combat-Companion-Sim-Render-by-Helen-V.-Pritchard-and-Cassandra-Troyan-500x193.jpg 500w, https:\/\/done.fotocolectania.org\/edicion5\/wp-content\/uploads\/2021\/09\/Combat-Companion-Sim-Render-by-Helen-V.-Pritchard-and-Cassandra-Troyan-1024x396.jpg 1024w, https:\/\/done.fotocolectania.org\/edicion5\/wp-content\/uploads\/2021\/09\/Combat-Companion-Sim-Render-by-Helen-V.-Pritchard-and-Cassandra-Troyan-768x297.jpg 768w, https:\/\/done.fotocolectania.org\/edicion5\/wp-content\/uploads\/2021\/09\/Combat-Companion-Sim-Render-by-Helen-V.-Pritchard-and-Cassandra-Troyan-1536x594.jpg 1536w, https:\/\/done.fotocolectania.org\/edicion5\/wp-content\/uploads\/2021\/09\/Combat-Companion-Sim-Render-by-Helen-V.-Pritchard-and-Cassandra-Troyan.jpg 2034w\" sizes=\"(max-width: 500px) 100vw, 500px\" \/><\/p>\n<\/div>\n<div class=\"wpe-col-2\">\n<p><span class=\"ILfuVd\"><span class=\"hgKElc\">En este proyecto de investigaci\u00f3n art\u00edstica, Helen Pritchard y Cassandra Troyan abordan la producci\u00f3n de animaciones transespecie en el \u00e1mbito del entretenimiento educativo, la vigilancia policial y la industria militar. <\/span><\/span><\/p>\n<\/div>\n<\/div>\n<p>Interrogan las capacidades de <span class=\"ILfuVd\"><span class=\"hgKElc\">\u00ab<\/span><\/span>robots andadores dise\u00f1ados para utilizarse en aplicaciones militares, la industria, la miner\u00eda, el sector energ\u00e9tico, la seguridad p\u00fablica y la entrega a domicilio<span class=\"ILfuVd\"><span class=\"hgKElc\">\u00bb<\/span><\/span> de Ghost Robotics, as\u00ed como de animales esp\u00eda creados mediante animatr\u00f3nica con gran realismo para el programa de historia natural de la BBC <em>Spy in the World<\/em>. <a href=\"\/edicion5\/creacion\/en-la-boca-de-un-oso-polar-el-sentido-no-muerto-del-mundo\/\"><strong>[M\u00e1s informaci\u00f3n]<\/strong><\/a><\/p>\n","protected":false},"excerpt":{"rendered":"<p>En el marco de DONE 5, se han realizado dos commissions. The Uncanny Fire M\u00f3nica Riki\u0107 http:\/\/uncannyfire.monicarikic.com\/ \u00abThe Uncanny Fire\u00bb propone una narrativa interactiva de ficci\u00f3n futurista sobre la posibilidad de que un ente artificial inteligente sufra una crisis existencial. \u00bfCu\u00e1les ser\u00edan las consecuencias cognitivas o emocionales en una mente artificial al enfrentarse a su &#8230; <a title=\"Creaci\u00f3n\" class=\"read-more\" href=\"https:\/\/done.fotocolectania.org\/edicion5\/creacion\/\" aria-label=\"M\u00e1s en Creaci\u00f3n\">Leer m\u00e1s<\/a><\/p>\n","protected":false},"author":2,"featured_media":0,"parent":0,"menu_order":3,"comment_status":"closed","ping_status":"closed","template":"","meta":[],"_links":{"self":[{"href":"https:\/\/done.fotocolectania.org\/edicion5\/wp-json\/wp\/v2\/pages\/12"}],"collection":[{"href":"https:\/\/done.fotocolectania.org\/edicion5\/wp-json\/wp\/v2\/pages"}],"about":[{"href":"https:\/\/done.fotocolectania.org\/edicion5\/wp-json\/wp\/v2\/types\/page"}],"author":[{"embeddable":true,"href":"https:\/\/done.fotocolectania.org\/edicion5\/wp-json\/wp\/v2\/users\/2"}],"replies":[{"embeddable":true,"href":"https:\/\/done.fotocolectania.org\/edicion5\/wp-json\/wp\/v2\/comments?post=12"}],"version-history":[{"count":5,"href":"https:\/\/done.fotocolectania.org\/edicion5\/wp-json\/wp\/v2\/pages\/12\/revisions"}],"predecessor-version":[{"id":1450,"href":"https:\/\/done.fotocolectania.org\/edicion5\/wp-json\/wp\/v2\/pages\/12\/revisions\/1450"}],"wp:attachment":[{"href":"https:\/\/done.fotocolectania.org\/edicion5\/wp-json\/wp\/v2\/media?parent=12"}],"curies":[{"name":"wp","href":"https:\/\/api.w.org\/{rel}","templated":true}]}}