{"id":11,"date":"2016-10-13T20:51:56","date_gmt":"2016-10-13T18:51:56","guid":{"rendered":"https:\/\/done.fotocolectania.org\/edicion5\/?page_id=11"},"modified":"2021-04-15T11:46:37","modified_gmt":"2021-04-15T09:46:37","slug":"debates","status":"publish","type":"page","link":"https:\/\/done.fotocolectania.org\/edicion5\/debates\/","title":{"rendered":"Debates"},"content":{"rendered":"<p><strong>THE MASK AND THE MIRROR<\/strong><br \/>\nVirginia L\u00e1zaro (cr\u00edtica cultural e investigadora)<br \/>\nJuan Mart\u00edn Prada (docente e investigador)<br \/>\nModera: Roc Herms (fot\u00f3grafo y artista visual)<br \/>\n<a href=\"https:\/\/done.fotocolectania.org\/edicion5\/debates\/the-mask-and-the-mirror\/\">[Ver m\u00e1s informaci\u00f3n del debate]<\/a><\/p>\n<p>Desde las primeras m\u00e1scaras paleol\u00edticas a las t\u00e9cnicas militares de camuflaje, desde las muestras egipcias de maquillaje a la cirug\u00eda pl\u00e1stica contempor\u00e1nea, el ser humano ha buscado durante toda su existencia formas de modificar su apariencia a trav\u00e9s de la tecnolog\u00eda. \u00bfQu\u00e9 ha ocurrido, sin embargo, cuando gracias a la aparici\u00f3n de Internet, los tel\u00e9fonos m\u00f3viles y las redes sociales hemos conseguido la herramienta definitiva para autorrepresentarnos?<\/p>\n<p>Durante la sesi\u00f3n \u00abThe Mask and the Mirror\u00bb (La m\u00e1scara y el espejo) hablaremos con Virginia L\u00e1zaro y Juan Mart\u00edn Prada sobre las construcciones digitales que hacemos de nosotros; sobre sus peligros, problemas y ventajas; de aquello que mostramos al espejo y de aquello que dejamos de lado, de lo que se nos descubre cubriendo la m\u00e1scara.<\/p>\n<p><iframe loading=\"lazy\" title=\"DONE 5 La ma\u0301scara y el espejo\" width=\"1200\" height=\"675\" src=\"https:\/\/www.youtube.com\/embed\/S6GFjbK9SYI?list=PLGRIr0MuE4rTZRMvFCdQ1wqY7tU-Qc6_I\" frameborder=\"0\" allow=\"accelerometer; autoplay; clipboard-write; encrypted-media; gyroscope; picture-in-picture\" allowfullscreen><\/iframe><\/p>\n<p>&nbsp;<\/p>\n<p><strong>JUGANDO CON IA Y LA CULTURA CINEMATOGR\u00c1FICA<\/strong><br \/>\nJorge Caballero (cineasta, docente e investigador)<br \/>\nAnna Giralt Gris (cineasta, docente e investigadora)<br \/>\nModera: Mart\u00ed S\u00e1nchez-Fibla (docente e investigador)<br \/>\n<a href=\"https:\/\/done.fotocolectania.org\/edicion5\/debates\/jugando-con-ia-y-la-cultura-cinematografica\/\">[Ver m\u00e1s informaci\u00f3n del debate]<\/a><\/p>\n<p>Los avances en IA, en concreto en el aprendizaje de redes neuronales, no dejan de sorprendernos. En la anterior edici\u00f3n de DONE, Joan Fontcuberta y Anna Ridler nos explicaban c\u00f3mo utilizaron redes neuronales llamadas GAN (Generative Adversarial Networks) en sus obras art\u00edsticas para generar caras de personajes ilustres que no exist\u00edan (<em>Prosopagnosia<\/em> de Joan Fontcuberta, 2019) y tulipanes que eran codiciados a cambio de criptomonedas (<em>Myriad (Tulips)<\/em> de Anna Ridler, 2018). Desde entonces, han aparecido redes llamadas <em>transformers<\/em>, como DALL-E, que generan la imagen asociada a un texto demostrando una gran comprensi\u00f3n sem\u00e1ntica de dicho texto.<\/p>\n<p>En esta sesi\u00f3n, invitamos de nuevo a Anna Giralt y Jorge Caballero (<em><a href=\"https:\/\/artificio.gusano.org\" target=\"_blank\" rel=\"noopener\">Artificio<\/a><\/em>, Gusano Films), que est\u00e1n lanzando una l\u00ednea de aplicaciones de redes neuronales en proyectos audiovisuales, para hablar de c\u00f3mo se est\u00e1 utilizando la IA para analizar y generar cine.<\/p>\n<p><iframe loading=\"lazy\" title=\"DONE5 Jugando con IA y la cultura cinematogra\u0301fica\" width=\"1200\" height=\"675\" src=\"https:\/\/www.youtube.com\/embed\/hIEW7w4iO9o?list=PLGRIr0MuE4rTZRMvFCdQ1wqY7tU-Qc6_I\" frameborder=\"0\" allow=\"accelerometer; autoplay; clipboard-write; encrypted-media; gyroscope; picture-in-picture\" allowfullscreen><\/iframe><\/p>\n<p>&nbsp;<\/p>\n<p><strong>ALL THE FEELS<\/strong><br \/>\nSimone C. Niquille (dise\u00f1adora e investigadora)<br \/>\nModera: Jara Rocha (investigadora y mediadora cultural)<br \/>\n<a href=\"https:\/\/done.fotocolectania.org\/edicion5\/debates\/all-the-feels\/\">[Ver m\u00e1s informaci\u00f3n del debate]<\/a><\/p>\n<p>En un art\u00edculo publicado en <em>e-flux<\/em> bajo el t\u00edtulo \u00abToo Much Information\u00bb, Simone C. Niquille nos gu\u00eda a trav\u00e9s de una serie de operaciones sobre tecnolog\u00eda de captura y remodelaci\u00f3n poligonal de los gestos faciales, donde cada una de las cuales aporta una capa extra de definici\u00f3n, hacia un an\u00e1lisis de las emociones. La ambici\u00f3n de reconocer las emociones mediante tecnolog\u00eda de visi\u00f3n artificial encierra una serie de retos y suposiciones: \u00bfCon qu\u00e9 par\u00e1metros se detectan y miden la felicidad, el cansancio, la ansiedad o la perplejidad? \u00bfC\u00f3mo se traducen estas emociones en reglas algor\u00edtmicas?<\/p>\n<p>\u00abToo Much Information\u00bb analiza el rostro como escenario de disputa para los mercados atentos de los llamados perfiles emocionales realistas y se sumerge en la historia de la tecnolog\u00eda de im\u00e1genes generadas por ordenador (CGI), un espacio de simulaci\u00f3n y especulaci\u00f3n. Esta charla ser\u00e1 una ocasi\u00f3n para profundizar en esas operaciones estratificadas, pregunt\u00e1ndose hasta qu\u00e9 punto son v\u00e1lidos los valores de exactitud cuando se estudian las emociones mediadas desde una perspectiva interseccional.<\/p>\n<p><iframe loading=\"lazy\" title=\"DONE5 All the Feels\" width=\"1200\" height=\"675\" src=\"https:\/\/www.youtube.com\/embed\/NQ56iHuyErs?feature=oembed\" frameborder=\"0\" allow=\"accelerometer; autoplay; clipboard-write; encrypted-media; gyroscope; picture-in-picture\" allowfullscreen><\/iframe><\/p>\n<p>&nbsp;<\/p>\n<p><strong>LA MASCARADA M\u00c1S QUE HUMANA<\/strong> (debate participativo)<br \/>\nModera: Roc Herms, Mart\u00ed S\u00e1nchez Fibla y Jara Rocha<\/p>\n<p>Actividad conducida por Roc Herms, Mart\u00ed S\u00e1nchez-Fibla y Jara Rocha en la que, a trav\u00e9s de un formato de charla participativa, se abordan algunas de las cuestiones surgidas en los tres debates del actual ciclo de DONE.<\/p>\n<p><iframe loading=\"lazy\" title=\"DONE 5 | La mascarada m\u00e1s-que-humana\" width=\"1200\" height=\"675\" src=\"https:\/\/www.youtube.com\/embed\/go03BpdBmYo?feature=oembed\" frameborder=\"0\" allow=\"accelerometer; autoplay; clipboard-write; encrypted-media; gyroscope; picture-in-picture\" allowfullscreen><\/iframe><\/p>\n","protected":false},"excerpt":{"rendered":"<p>THE MASK AND THE MIRROR Virginia L\u00e1zaro (cr\u00edtica cultural e investigadora) Juan Mart\u00edn Prada (docente e investigador) Modera: Roc Herms (fot\u00f3grafo y artista visual) [Ver m\u00e1s informaci\u00f3n del debate] Desde las primeras m\u00e1scaras paleol\u00edticas a las t\u00e9cnicas militares de camuflaje, desde las muestras egipcias de maquillaje a la cirug\u00eda pl\u00e1stica contempor\u00e1nea, el ser humano ha &#8230; <a title=\"Debates\" class=\"read-more\" href=\"https:\/\/done.fotocolectania.org\/edicion5\/debates\/\" aria-label=\"M\u00e1s en Debates\">Leer m\u00e1s<\/a><\/p>\n","protected":false},"author":2,"featured_media":0,"parent":0,"menu_order":1,"comment_status":"closed","ping_status":"closed","template":"","meta":[],"_links":{"self":[{"href":"https:\/\/done.fotocolectania.org\/edicion5\/wp-json\/wp\/v2\/pages\/11"}],"collection":[{"href":"https:\/\/done.fotocolectania.org\/edicion5\/wp-json\/wp\/v2\/pages"}],"about":[{"href":"https:\/\/done.fotocolectania.org\/edicion5\/wp-json\/wp\/v2\/types\/page"}],"author":[{"embeddable":true,"href":"https:\/\/done.fotocolectania.org\/edicion5\/wp-json\/wp\/v2\/users\/2"}],"replies":[{"embeddable":true,"href":"https:\/\/done.fotocolectania.org\/edicion5\/wp-json\/wp\/v2\/comments?post=11"}],"version-history":[{"count":5,"href":"https:\/\/done.fotocolectania.org\/edicion5\/wp-json\/wp\/v2\/pages\/11\/revisions"}],"predecessor-version":[{"id":1305,"href":"https:\/\/done.fotocolectania.org\/edicion5\/wp-json\/wp\/v2\/pages\/11\/revisions\/1305"}],"wp:attachment":[{"href":"https:\/\/done.fotocolectania.org\/edicion5\/wp-json\/wp\/v2\/media?parent=11"}],"curies":[{"name":"wp","href":"https:\/\/api.w.org\/{rel}","templated":true}]}}